{"id":6903,"date":"2025-04-30T12:23:51","date_gmt":"2025-04-30T10:23:51","guid":{"rendered":"https:\/\/www.poggioallagosirmione.com\/contatti\/"},"modified":"2025-05-27T10:29:36","modified_gmt":"2025-05-27T08:29:36","slug":"kontakte","status":"publish","type":"page","link":"https:\/\/www.poggioallagosirmione.com\/de\/kontakte\/","title":{"rendered":"Kontakte"},"content":{"rendered":"\t\t<div data-elementor-type=\"wp-page\" data-elementor-id=\"6903\" class=\"elementor elementor-6903\">\n\t\t\t\t\t\t<section class=\"elementor-section elementor-top-section elementor-element elementor-element-5596c1e elementor-section-boxed elementor-section-gap-beside-yes elementor-section-height-default elementor-section-height-default elementor-section-column-vertical-align-stretch\" data-id=\"5596c1e\" data-element_type=\"section\" data-e-type=\"section\">\n\t\t\t\t\t\t<div class=\"elementor-container elementor-column-gap-extended\">\n\t\t\t\t\t<div class=\"elementor-column elementor-col-100 elementor-top-column elementor-element elementor-element-366bd80\" data-id=\"366bd80\" data-element_type=\"column\" data-e-type=\"column\">\n\t\t\t<div class=\"elementor-widget-wrap elementor-element-populated\">\n\t\t\t\t\t\t<div class=\"elementor-element elementor-element-dd0d5d7 elementor-widget__width-initial elementor-invisible elementor-widget elementor-widget-text-editor\" data-id=\"dd0d5d7\" data-element_type=\"widget\" data-e-type=\"widget\" data-settings=\"{&quot;_animation&quot;:&quot;nussFadeInUp&quot;}\" data-widget_type=\"text-editor.default\">\n\t\t\t\t<div class=\"elementor-widget-container\">\n\t\t\t\t\t\t\t\t\t<h5>Wir stehen Ihnen gerne zur Verf\u00fcgung! Kontaktieren Sie uns f\u00fcr weitere Informationen oder zur Planung Ihres Aufenthalts.<\/h5>\t\t\t\t\t\t\t\t<\/div>\n\t\t\t\t<\/div>\n\t\t\t\t\t<\/div>\n\t\t<\/div>\n\t\t\t\t\t<\/div>\n\t\t<\/section>\n\t\t\t\t<section class=\"elementor-section elementor-top-section elementor-element elementor-element-8f4f1a4 elementor-section-boxed elementor-section-height-default elementor-section-height-default elementor-section-column-vertical-align-stretch\" data-id=\"8f4f1a4\" data-element_type=\"section\" data-e-type=\"section\">\n\t\t\t\t\t\t<div class=\"elementor-container elementor-column-gap-no\">\n\t\t\t\t\t<div class=\"elementor-column elementor-col-100 elementor-top-column elementor-element elementor-element-895f7ce\" data-id=\"895f7ce\" data-element_type=\"column\" data-e-type=\"column\">\n\t\t\t<div class=\"elementor-widget-wrap elementor-element-populated\">\n\t\t\t\t\t\t<div class=\"elementor-element elementor-element-154d622 elementor-widget__width-inherit elementor-invisible elementor-widget elementor-widget-heading\" data-id=\"154d622\" data-element_type=\"widget\" data-e-type=\"widget\" data-settings=\"{&quot;_animation&quot;:&quot;nussFadeInUp&quot;}\" data-widget_type=\"heading.default\">\n\t\t\t\t<div class=\"elementor-widget-container\">\n\t\t\t\t\t<h3 class=\"elementor-heading-title elementor-size-default\">Wo wir sind<\/h3>\t\t\t\t<\/div>\n\t\t\t\t<\/div>\n\t\t\t\t<div class=\"elementor-element elementor-element-18245da elementor-invisible elementor-widget elementor-widget-text-editor\" data-id=\"18245da\" data-element_type=\"widget\" data-e-type=\"widget\" data-settings=\"{&quot;_animation&quot;:&quot;nussFadeInUp&quot;}\" data-widget_type=\"text-editor.default\">\n\t\t\t\t<div class=\"elementor-widget-container\">\n\t\t\t\t\t\t\t\t\t<p>Adresse: Via San Remo 1 &#8211; 25019 Sirmione (BS)<br \/>Telefon: <a href=\"tel:+390309905601\">+39 030 990 5601<\/a><br \/>Email: <a href=\"mailto:info@poggioallagosirmione.com\">info@poggioallagosirmione.com<\/a><\/p>\t\t\t\t\t\t\t\t<\/div>\n\t\t\t\t<\/div>\n\t\t\t\t\t<\/div>\n\t\t<\/div>\n\t\t\t\t\t<\/div>\n\t\t<\/section>\n\t\t\t\t<section class=\"elementor-section elementor-top-section elementor-element elementor-element-47bd03d elementor-section-boxed elementor-section-gap-beside-yes elementor-section-height-default elementor-section-height-default elementor-section-column-vertical-align-stretch\" data-id=\"47bd03d\" data-element_type=\"section\" data-e-type=\"section\">\n\t\t\t\t\t\t<div class=\"elementor-container elementor-column-gap-extended\">\n\t\t\t\t\t<div class=\"elementor-column elementor-col-50 elementor-top-column elementor-element elementor-element-3721ed8\" data-id=\"3721ed8\" data-element_type=\"column\" data-e-type=\"column\">\n\t\t\t<div class=\"elementor-widget-wrap elementor-element-populated\">\n\t\t\t\t\t\t<div class=\"elementor-element elementor-element-fa6ff31 elementor-invisible nuss-elementor-loading nuss-slide-in-right elementor-widget elementor-widget-image\" data-id=\"fa6ff31\" data-element_type=\"widget\" data-e-type=\"widget\" data-settings=\"{&quot;_animation&quot;:&quot;nussSlideInRight&quot;}\" data-widget_type=\"image.default\">\n\t\t\t\t<div class=\"elementor-widget-container\">\n\t\t\t\t\t\t\t\t\t\t\t\t\t\t\t<img fetchpriority=\"high\" decoding=\"async\" width=\"1707\" height=\"2560\" src=\"https:\/\/www.poggioallagosirmione.com\/wp-cntnt\/uplds\/2025\/04\/poggio-al-lago-comfort-room-002.jpg\" class=\"attachment-full size-full wp-image-6019\" alt=\"\" srcset=\"https:\/\/www.poggioallagosirmione.com\/wp-cntnt\/uplds\/2025\/04\/poggio-al-lago-comfort-room-002.jpg 1707w, https:\/\/www.poggioallagosirmione.com\/wp-cntnt\/uplds\/2025\/04\/poggio-al-lago-comfort-room-002-200x300.jpg 200w, https:\/\/www.poggioallagosirmione.com\/wp-cntnt\/uplds\/2025\/04\/poggio-al-lago-comfort-room-002-683x1024.jpg 683w, https:\/\/www.poggioallagosirmione.com\/wp-cntnt\/uplds\/2025\/04\/poggio-al-lago-comfort-room-002-768x1152.jpg 768w, https:\/\/www.poggioallagosirmione.com\/wp-cntnt\/uplds\/2025\/04\/poggio-al-lago-comfort-room-002-1024x1536.jpg 1024w, https:\/\/www.poggioallagosirmione.com\/wp-cntnt\/uplds\/2025\/04\/poggio-al-lago-comfort-room-002-1366x2048.jpg 1366w\" sizes=\"(max-width: 1707px) 100vw, 1707px\" \/>\t\t\t\t\t\t\t\t\t\t\t\t\t\t\t<\/div>\n\t\t\t\t<\/div>\n\t\t\t\t\t<\/div>\n\t\t<\/div>\n\t\t\t\t<div class=\"elementor-column elementor-col-50 elementor-top-column elementor-element elementor-element-6f00594\" data-id=\"6f00594\" data-element_type=\"column\" data-e-type=\"column\">\n\t\t\t<div class=\"elementor-widget-wrap elementor-element-populated\">\n\t\t\t\t\t\t<div class=\"elementor-element elementor-element-f46990c elementor-invisible elementor-widget elementor-widget-heading\" data-id=\"f46990c\" data-element_type=\"widget\" data-e-type=\"widget\" data-settings=\"{&quot;_animation&quot;:&quot;nussFadeInUp&quot;}\" data-widget_type=\"heading.default\">\n\t\t\t\t<div class=\"elementor-widget-container\">\n\t\t\t\t\t<h3 class=\"elementor-heading-title elementor-size-default\">Informationen anfordern<\/h3>\t\t\t\t<\/div>\n\t\t\t\t<\/div>\n\t\t\t\t<div class=\"elementor-element elementor-element-c0d7e4b elementor-invisible elementor-widget elementor-widget-text-editor\" data-id=\"c0d7e4b\" data-element_type=\"widget\" data-e-type=\"widget\" data-settings=\"{&quot;_animation&quot;:&quot;nussFadeInUp&quot;}\" data-widget_type=\"text-editor.default\">\n\t\t\t\t<div class=\"elementor-widget-container\">\n\t\t\t\t\t\t\t\t\t<p>Wir stehen Ihnen gerne zur Verf\u00fcgung!<br \/>Kontaktieren Sie uns f\u00fcr weitere Informationen oder zur Planung Ihres Aufenthalts.<\/p>\t\t\t\t\t\t\t\t<\/div>\n\t\t\t\t<\/div>\n\t\t\t\t<div class=\"elementor-element elementor-element-e7c2680 page-contact-form elementor-widget elementor-widget-shortcode\" data-id=\"e7c2680\" data-element_type=\"widget\" data-e-type=\"widget\" data-widget_type=\"shortcode.default\">\n\t\t\t\t<div class=\"elementor-widget-container\">\n\t\t\t\t\t\t\t<div class=\"elementor-shortcode\">\n<div class=\"wpcf7 no-js\" id=\"wpcf7-f6898-o1\" lang=\"en-US\" dir=\"ltr\" data-wpcf7-id=\"6898\">\n<div class=\"screen-reader-response\"><p role=\"status\" aria-live=\"polite\" aria-atomic=\"true\"><\/p> <ul><\/ul><\/div>\n<form action=\"\/de\/wp-json\/wp\/v2\/pages\/6903#wpcf7-f6898-o1\" method=\"post\" class=\"wpcf7-form init\" aria-label=\"Contact form\" novalidate=\"novalidate\" data-status=\"init\">\n<fieldset class=\"hidden-fields-container\"><input type=\"hidden\" name=\"_wpcf7\" value=\"6898\" \/><input type=\"hidden\" name=\"_wpcf7_version\" value=\"6.1.5\" \/><input type=\"hidden\" name=\"_wpcf7_locale\" value=\"en_US\" \/><input type=\"hidden\" name=\"_wpcf7_unit_tag\" value=\"wpcf7-f6898-o1\" \/><input type=\"hidden\" name=\"_wpcf7_container_post\" value=\"0\" \/><input type=\"hidden\" name=\"_wpcf7_posted_data_hash\" value=\"\" \/><input type=\"hidden\" name=\"_wpcf7_recaptcha_response\" value=\"\" \/>\n<\/fieldset>\n<p><label><br \/>\n<span class=\"wpcf7-form-control-wrap\" data-name=\"your-name\"><input size=\"40\" maxlength=\"400\" class=\"wpcf7-form-control wpcf7-text wpcf7-validates-as-required\" aria-required=\"true\" aria-invalid=\"false\" placeholder=\"Vor- und Nachname*\" value=\"\" type=\"text\" name=\"your-name\" \/><\/span> <\/label><br \/>\n<label><br \/>\n<span class=\"wpcf7-form-control-wrap\" data-name=\"your-email\"><input size=\"40\" maxlength=\"400\" class=\"wpcf7-form-control wpcf7-email wpcf7-validates-as-required wpcf7-text wpcf7-validates-as-email\" aria-required=\"true\" aria-invalid=\"false\" placeholder=\"E-Mail-Adresse*\" value=\"\" type=\"email\" name=\"your-email\" \/><\/span> <\/label><br \/>\n<label><br \/>\n<span class=\"wpcf7-form-control-wrap\" data-name=\"your-message\"><textarea cols=\"40\" rows=\"10\" maxlength=\"2000\" class=\"wpcf7-form-control wpcf7-textarea wpcf7-validates-as-required\" aria-required=\"true\" aria-invalid=\"false\" placeholder=\"Nachrichtentext*\" name=\"your-message\"><\/textarea><\/span> <\/label><br \/>\n<span class=\"wpcf7-form-control-wrap\" data-name=\"privacy_policy\"><span class=\"wpcf7-form-control wpcf7-acceptance\"><span class=\"wpcf7-list-item\"><label><input type=\"checkbox\" name=\"privacy_policy\" value=\"1\" class=\"privacy_policy\" aria-invalid=\"false\" \/><span class=\"wpcf7-list-item-label\"><a href=\"https:\/\/www.poggioallagosirmione.com\/policy\/privacy_de.php\" class=\"policy\" target=\"_blank\">Ich stimme der Verarbeitung meiner personenbezogenen Daten gem\u00e4\u00df der Europ\u00e4ischen Verordnung Nr. 679\/2016 zu<\/a><\/span><\/label><\/span><\/span><\/span><br \/>\n<input class=\"wpcf7-form-control wpcf7-submit has-spinner\" type=\"submit\" value=\"Nachricht senden\" \/>\n<\/p><div class=\"wpcf7-response-output\" aria-hidden=\"true\"><\/div>\n<\/form>\n<\/div>\n<\/div>\n\t\t\t\t\t\t<\/div>\n\t\t\t\t<\/div>\n\t\t\t\t\t<\/div>\n\t\t<\/div>\n\t\t\t\t\t<\/div>\n\t\t<\/section>\n\t\t\t\t<section class=\"elementor-section elementor-top-section elementor-element elementor-element-32e889f elementor-section-full_width elementor-section-stretched elementor-section-height-default elementor-section-height-default elementor-section-column-vertical-align-stretch\" data-id=\"32e889f\" data-element_type=\"section\" data-e-type=\"section\" data-settings=\"{&quot;stretch_section&quot;:&quot;section-stretched&quot;}\">\n\t\t\t\t\t\t<div class=\"elementor-container elementor-column-gap-no\">\n\t\t\t\t\t<div class=\"elementor-column elementor-col-100 elementor-top-column elementor-element elementor-element-2345614\" data-id=\"2345614\" data-element_type=\"column\" data-e-type=\"column\">\n\t\t\t<div class=\"elementor-widget-wrap elementor-element-populated\">\n\t\t\t\t\t\t<div class=\"elementor-element elementor-element-82f9093 elementor-invisible nuss-elementor-loading nuss-slide-in-up elementor-widget elementor-widget-google_maps\" data-id=\"82f9093\" data-element_type=\"widget\" data-e-type=\"widget\" data-settings=\"{&quot;_animation&quot;:&quot;nussSlideInUp&quot;}\" data-widget_type=\"google_maps.default\">\n\t\t\t\t<div class=\"elementor-widget-container\">\n\t\t\t\t\t\t\t<div class=\"elementor-custom-embed\">\n\t\t\t<iframe loading=\"lazy\"\n\t\t\t\t\tsrc=\"https:\/\/maps.google.com\/maps?q=45.467960867132966%2C%2010.610033572609137&#038;t=m&#038;z=15&#038;output=embed&#038;iwloc=near\"\n\t\t\t\t\ttitle=\"45.467960867132966, 10.610033572609137\"\n\t\t\t\t\taria-label=\"45.467960867132966, 10.610033572609137\"\n\t\t\t><\/iframe>\n\t\t<\/div>\n\t\t\t\t\t\t<\/div>\n\t\t\t\t<\/div>\n\t\t\t\t\t<\/div>\n\t\t<\/div>\n\t\t\t\t\t<\/div>\n\t\t<\/section>\n\t\t\t\t<\/div>\n\t\t","protected":false},"excerpt":{"rendered":"<p>Wir stehen Ihnen gerne zur Verf\u00fcgung! Kontaktieren Sie uns f\u00fcr weitere Informationen oder zur Planung Ihres Aufenthalts. Wo wir sind Adresse: Via San Remo 1 &#8211; 25019 Sirmione (BS)Telefon: +39 030 990 5601Email: info@poggioallagosirmione.com Informationen anfordern Wir stehen Ihnen gerne zur Verf\u00fcgung!Kontaktieren Sie uns f\u00fcr weitere Informationen oder zur Planung Ihres Aufenthalts.<\/p>\n","protected":false},"author":1,"featured_media":0,"parent":0,"menu_order":0,"comment_status":"closed","ping_status":"closed","template":"","meta":{"footnotes":""},"class_list":["post-6903","page","type-page","status-publish","hentry","post-no-thumbnail"],"yoast_head":"<!-- This site is optimized with the Yoast SEO plugin v27.5 - https:\/\/yoast.com\/product\/yoast-seo-wordpress\/ -->\n<title>Kontakte Poggio al Lago \u2013 Aparthotel in Sirmione, Gardasee<\/title>\n<meta name=\"description\" content=\"Haben Sie Fragen oder m\u00f6chten Sie Ihren Aufenthalt buchen? Kontaktieren Sie Poggio al Lago: Adresse, Telefon, E-Mail und Online-Formular f\u00fcr schnelle und kompetente Unterst\u00fctzung.\" \/>\n<meta name=\"robots\" content=\"index, follow, max-snippet:-1, max-image-preview:large, max-video-preview:-1\" \/>\n<link rel=\"canonical\" href=\"https:\/\/www.poggioallagosirmione.com\/de\/kontakte\/\" \/>\n<meta property=\"og:locale\" content=\"de_DE\" \/>\n<meta property=\"og:type\" content=\"article\" \/>\n<meta property=\"og:title\" content=\"Kontakte Poggio al Lago \u2013 Aparthotel in Sirmione, Gardasee\" \/>\n<meta property=\"og:description\" content=\"Haben Sie Fragen oder m\u00f6chten Sie Ihren Aufenthalt buchen? Kontaktieren Sie Poggio al Lago: Adresse, Telefon, E-Mail und Online-Formular f\u00fcr schnelle und kompetente Unterst\u00fctzung.\" \/>\n<meta property=\"og:url\" content=\"https:\/\/www.poggioallagosirmione.com\/de\/kontakte\/\" \/>\n<meta property=\"og:site_name\" content=\"Poggio al Lago Sirmione\" \/>\n<meta property=\"article:modified_time\" content=\"2025-05-27T08:29:36+00:00\" \/>\n<meta property=\"og:image\" content=\"https:\/\/www.poggioallagosirmione.com\/wp-cntnt\/uplds\/2025\/04\/poggio-al-lago-comfort-room-002.jpg\" \/>\n\t<meta property=\"og:image:width\" content=\"1707\" \/>\n\t<meta property=\"og:image:height\" content=\"2560\" \/>\n\t<meta property=\"og:image:type\" content=\"image\/jpeg\" \/>\n<meta name=\"twitter:card\" content=\"summary_large_image\" \/>\n<meta name=\"twitter:label1\" content=\"Gesch\u00e4tzte Lesezeit\" \/>\n\t<meta name=\"twitter:data1\" content=\"1\u00a0Minute\" \/>\n<script type=\"application\/ld+json\" class=\"yoast-schema-graph\">{\"@context\":\"https:\\\/\\\/schema.org\",\"@graph\":[{\"@type\":\"WebPage\",\"@id\":\"https:\\\/\\\/www.poggioallagosirmione.com\\\/de\\\/kontakte\\\/\",\"url\":\"https:\\\/\\\/www.poggioallagosirmione.com\\\/de\\\/kontakte\\\/\",\"name\":\"Kontakte Poggio al Lago \u2013 Aparthotel in Sirmione, Gardasee\",\"isPartOf\":{\"@id\":\"https:\\\/\\\/www.poggioallagosirmione.com\\\/de\\\/#website\"},\"primaryImageOfPage\":{\"@id\":\"https:\\\/\\\/www.poggioallagosirmione.com\\\/de\\\/kontakte\\\/#primaryimage\"},\"image\":{\"@id\":\"https:\\\/\\\/www.poggioallagosirmione.com\\\/de\\\/kontakte\\\/#primaryimage\"},\"thumbnailUrl\":\"https:\\\/\\\/www.poggioallagosirmione.com\\\/wp-cntnt\\\/uplds\\\/2025\\\/04\\\/poggio-al-lago-comfort-room-002.jpg\",\"datePublished\":\"2025-04-30T10:23:51+00:00\",\"dateModified\":\"2025-05-27T08:29:36+00:00\",\"description\":\"Haben Sie Fragen oder m\u00f6chten Sie Ihren Aufenthalt buchen? Kontaktieren Sie Poggio al Lago: Adresse, Telefon, E-Mail und Online-Formular f\u00fcr schnelle und kompetente Unterst\u00fctzung.\",\"inLanguage\":\"de\",\"potentialAction\":[{\"@type\":\"ReadAction\",\"target\":[\"https:\\\/\\\/www.poggioallagosirmione.com\\\/de\\\/kontakte\\\/\"]}]},{\"@type\":\"ImageObject\",\"inLanguage\":\"de\",\"@id\":\"https:\\\/\\\/www.poggioallagosirmione.com\\\/de\\\/kontakte\\\/#primaryimage\",\"url\":\"https:\\\/\\\/www.poggioallagosirmione.com\\\/wp-cntnt\\\/uplds\\\/2025\\\/04\\\/poggio-al-lago-comfort-room-002.jpg\",\"contentUrl\":\"https:\\\/\\\/www.poggioallagosirmione.com\\\/wp-cntnt\\\/uplds\\\/2025\\\/04\\\/poggio-al-lago-comfort-room-002.jpg\"},{\"@type\":\"WebSite\",\"@id\":\"https:\\\/\\\/www.poggioallagosirmione.com\\\/de\\\/#website\",\"url\":\"https:\\\/\\\/www.poggioallagosirmione.com\\\/de\\\/\",\"name\":\"Poggio al Lago Sirmione\",\"description\":\"\",\"potentialAction\":[{\"@type\":\"SearchAction\",\"target\":{\"@type\":\"EntryPoint\",\"urlTemplate\":\"https:\\\/\\\/www.poggioallagosirmione.com\\\/de\\\/?s={search_term_string}\"},\"query-input\":{\"@type\":\"PropertyValueSpecification\",\"valueRequired\":true,\"valueName\":\"search_term_string\"}}],\"inLanguage\":\"de\"}]}<\/script>\n<!-- \/ Yoast SEO plugin. -->","yoast_head_json":{"title":"Kontakte Poggio al Lago \u2013 Aparthotel in Sirmione, Gardasee","description":"Haben Sie Fragen oder m\u00f6chten Sie Ihren Aufenthalt buchen? Kontaktieren Sie Poggio al Lago: Adresse, Telefon, E-Mail und Online-Formular f\u00fcr schnelle und kompetente Unterst\u00fctzung.","robots":{"index":"index","follow":"follow","max-snippet":"max-snippet:-1","max-image-preview":"max-image-preview:large","max-video-preview":"max-video-preview:-1"},"canonical":"https:\/\/www.poggioallagosirmione.com\/de\/kontakte\/","og_locale":"de_DE","og_type":"article","og_title":"Kontakte Poggio al Lago \u2013 Aparthotel in Sirmione, Gardasee","og_description":"Haben Sie Fragen oder m\u00f6chten Sie Ihren Aufenthalt buchen? Kontaktieren Sie Poggio al Lago: Adresse, Telefon, E-Mail und Online-Formular f\u00fcr schnelle und kompetente Unterst\u00fctzung.","og_url":"https:\/\/www.poggioallagosirmione.com\/de\/kontakte\/","og_site_name":"Poggio al Lago Sirmione","article_modified_time":"2025-05-27T08:29:36+00:00","og_image":[{"width":1707,"height":2560,"url":"https:\/\/www.poggioallagosirmione.com\/wp-cntnt\/uplds\/2025\/04\/poggio-al-lago-comfort-room-002.jpg","type":"image\/jpeg"}],"twitter_card":"summary_large_image","twitter_misc":{"Gesch\u00e4tzte Lesezeit":"1\u00a0Minute"},"schema":{"@context":"https:\/\/schema.org","@graph":[{"@type":"WebPage","@id":"https:\/\/www.poggioallagosirmione.com\/de\/kontakte\/","url":"https:\/\/www.poggioallagosirmione.com\/de\/kontakte\/","name":"Kontakte Poggio al Lago \u2013 Aparthotel in Sirmione, Gardasee","isPartOf":{"@id":"https:\/\/www.poggioallagosirmione.com\/de\/#website"},"primaryImageOfPage":{"@id":"https:\/\/www.poggioallagosirmione.com\/de\/kontakte\/#primaryimage"},"image":{"@id":"https:\/\/www.poggioallagosirmione.com\/de\/kontakte\/#primaryimage"},"thumbnailUrl":"https:\/\/www.poggioallagosirmione.com\/wp-cntnt\/uplds\/2025\/04\/poggio-al-lago-comfort-room-002.jpg","datePublished":"2025-04-30T10:23:51+00:00","dateModified":"2025-05-27T08:29:36+00:00","description":"Haben Sie Fragen oder m\u00f6chten Sie Ihren Aufenthalt buchen? Kontaktieren Sie Poggio al Lago: Adresse, Telefon, E-Mail und Online-Formular f\u00fcr schnelle und kompetente Unterst\u00fctzung.","inLanguage":"de","potentialAction":[{"@type":"ReadAction","target":["https:\/\/www.poggioallagosirmione.com\/de\/kontakte\/"]}]},{"@type":"ImageObject","inLanguage":"de","@id":"https:\/\/www.poggioallagosirmione.com\/de\/kontakte\/#primaryimage","url":"https:\/\/www.poggioallagosirmione.com\/wp-cntnt\/uplds\/2025\/04\/poggio-al-lago-comfort-room-002.jpg","contentUrl":"https:\/\/www.poggioallagosirmione.com\/wp-cntnt\/uplds\/2025\/04\/poggio-al-lago-comfort-room-002.jpg"},{"@type":"WebSite","@id":"https:\/\/www.poggioallagosirmione.com\/de\/#website","url":"https:\/\/www.poggioallagosirmione.com\/de\/","name":"Poggio al Lago Sirmione","description":"","potentialAction":[{"@type":"SearchAction","target":{"@type":"EntryPoint","urlTemplate":"https:\/\/www.poggioallagosirmione.com\/de\/?s={search_term_string}"},"query-input":{"@type":"PropertyValueSpecification","valueRequired":true,"valueName":"search_term_string"}}],"inLanguage":"de"}]}},"_links":{"self":[{"href":"https:\/\/www.poggioallagosirmione.com\/de\/wp-json\/wp\/v2\/pages\/6903","targetHints":{"allow":["GET"]}}],"collection":[{"href":"https:\/\/www.poggioallagosirmione.com\/de\/wp-json\/wp\/v2\/pages"}],"about":[{"href":"https:\/\/www.poggioallagosirmione.com\/de\/wp-json\/wp\/v2\/types\/page"}],"author":[{"embeddable":true,"href":"https:\/\/www.poggioallagosirmione.com\/de\/wp-json\/wp\/v2\/users\/1"}],"replies":[{"embeddable":true,"href":"https:\/\/www.poggioallagosirmione.com\/de\/wp-json\/wp\/v2\/comments?post=6903"}],"version-history":[{"count":4,"href":"https:\/\/www.poggioallagosirmione.com\/de\/wp-json\/wp\/v2\/pages\/6903\/revisions"}],"predecessor-version":[{"id":6908,"href":"https:\/\/www.poggioallagosirmione.com\/de\/wp-json\/wp\/v2\/pages\/6903\/revisions\/6908"}],"wp:attachment":[{"href":"https:\/\/www.poggioallagosirmione.com\/de\/wp-json\/wp\/v2\/media?parent=6903"}],"curies":[{"name":"wp","href":"https:\/\/api.w.org\/{rel}","templated":true}]}}